{"id":212,"date":"2022-08-28T17:19:01","date_gmt":"2022-08-28T17:19:01","guid":{"rendered":"https:\/\/lucky2fun.eu\/mentions-legales\/"},"modified":"2022-09-28T14:09:09","modified_gmt":"2022-09-28T14:09:09","slug":"mentions-legales","status":"publish","type":"page","link":"https:\/\/lucky2fun.eu\/fr\/mentions-legales\/","title":{"rendered":"Mentions l\u00e9gales"},"content":{"rendered":"<div class=\"fusion-fullwidth fullwidth-box fusion-builder-row-1 fusion-flex-container has-pattern-background has-mask-background nonhundred-percent-fullwidth non-hundred-percent-height-scrolling\" style=\"--awb-border-radius-top-left:0px;--awb-border-radius-top-right:0px;--awb-border-radius-bottom-right:0px;--awb-border-radius-bottom-left:0px;--awb-flex-wrap:wrap;\" ><div class=\"fusion-builder-row fusion-row fusion-flex-align-items-flex-start fusion-flex-content-wrap\" style=\"max-width:1248px;margin-left: calc(-4% \/ 2 );margin-right: calc(-4% \/ 2 );\"><div class=\"fusion-layout-column fusion_builder_column fusion-builder-column-0 fusion_builder_column_1_1 1_1 fusion-flex-column\" style=\"--awb-bg-size:cover;--awb-width-large:100%;--awb-margin-top-large:0px;--awb-spacing-right-large:1.92%;--awb-margin-bottom-large:20px;--awb-spacing-left-large:1.92%;--awb-width-medium:100%;--awb-order-medium:0;--awb-spacing-right-medium:1.92%;--awb-spacing-left-medium:1.92%;--awb-width-small:100%;--awb-order-small:0;--awb-spacing-right-small:1.92%;--awb-spacing-left-small:1.92%;\"><div class=\"fusion-column-wrapper fusion-column-has-shadow fusion-flex-justify-content-flex-start fusion-content-layout-column\"><div class=\"fusion-title title fusion-title-1 fusion-sep-none fusion-title-text fusion-title-size-one\"><h1 class=\"fusion-title-heading title-heading-left\" style=\"margin:0;\">Mentions l\u00e9gales<\/h1><\/div><div class=\"fusion-text fusion-text-1\"><p>Informations selon \u00a7 5 TMG (Allemagne)<\/p>\n<p>ElComWorld GmbH<br \/>\nMathildenstr. 10A<br \/>\nD-82319 Starnberg<\/p>\n<p>Registre du commerce : HRB 158579<br \/>\nTribunal d&rsquo;enregistrement : Tribunal d&rsquo;instance de Munich<\/p>\n<p>Repr\u00e9sent\u00e9 par :<br \/>\nMichael Froemsdorf<br \/>\nCornelia Butzke-Froemsdorf<\/p>\n<p>Contact<br \/>\nT\u00e9l\u00e9phone : +49 (0) 8151 2685590<br \/>\nE-mail : fun(at)lucky2fun.eu<\/p>\n<p>R\u00e9alisation technique : ElComWorld GmbH<br \/>\nGestion du site web<br \/>\nMathildenstr. 10A<br \/>\nD-82319 Starnberg<\/p>\n<p>Num\u00e9ro d&rsquo;identification de la taxe sur le chiffre d&rsquo;affaires<br \/>\nNum\u00e9ro d&rsquo;identification de la taxe sur le chiffre d&rsquo;affaires conform\u00e9ment au \u00a7 27 (Allemagne) a de la loi sur la taxe sur le chiffre d&rsquo;affaires :<br \/>\nDE244400382<\/p>\n<p>Informations sur l&rsquo;assurance obligatoire de l&rsquo;entreprise<br \/>\nNom et si\u00e8ge de l&rsquo;assureur :<br \/>\nW\u00fcrttenbergische Versicherung AG<br \/>\nStuttgart West, Gutenbergstr. 30<br \/>\nD-70176 Stuttgart<br \/>\nChamp d&rsquo;application de l&rsquo;assurance :<br \/>\nMonde entier sans le Canada et les \u00c9tats-Unis<\/p>\n<\/div><div class=\"fusion-text fusion-text-2\"><p>Remarque :<\/p>\n<p>Malgr\u00e9 un contr\u00f4le minutieux du contenu, nous n&rsquo;assumons aucune responsabilit\u00e9 pour le contenu des liens externes. Pour le contenu des pages li\u00e9es sont<\/p>\n<p>seuls leurs exploitants responsables.<\/p>\n<p>Toutes les informations propos\u00e9es ne peuvent \u00eatre diffus\u00e9es ou publi\u00e9es d&rsquo;une autre mani\u00e8re &#8211; m\u00eame sous forme d&rsquo;extraits &#8211; qu&rsquo;avec l&rsquo;autorisation \u00e9crite d&rsquo;ElComWorld GmbH. Il n&rsquo;est en aucun cas permis de diffuser en ligne ou sur d&rsquo;autres supports les informations consult\u00e9es ou de les utiliser \u00e0 des fins commerciales!<\/p>\n<\/div><\/div><\/div><\/div><\/div>\n","protected":false},"excerpt":{"rendered":"","protected":false},"author":1,"featured_media":0,"parent":0,"menu_order":0,"comment_status":"closed","ping_status":"closed","template":"100-width.php","meta":{"footnotes":""},"class_list":["post-212","page","type-page","status-publish","hentry"],"_links":{"self":[{"href":"https:\/\/lucky2fun.eu\/fr\/wp-json\/wp\/v2\/pages\/212","targetHints":{"allow":["GET"]}}],"collection":[{"href":"https:\/\/lucky2fun.eu\/fr\/wp-json\/wp\/v2\/pages"}],"about":[{"href":"https:\/\/lucky2fun.eu\/fr\/wp-json\/wp\/v2\/types\/page"}],"author":[{"embeddable":true,"href":"https:\/\/lucky2fun.eu\/fr\/wp-json\/wp\/v2\/users\/1"}],"replies":[{"embeddable":true,"href":"https:\/\/lucky2fun.eu\/fr\/wp-json\/wp\/v2\/comments?post=212"}],"version-history":[{"count":25,"href":"https:\/\/lucky2fun.eu\/fr\/wp-json\/wp\/v2\/pages\/212\/revisions"}],"predecessor-version":[{"id":696,"href":"https:\/\/lucky2fun.eu\/fr\/wp-json\/wp\/v2\/pages\/212\/revisions\/696"}],"wp:attachment":[{"href":"https:\/\/lucky2fun.eu\/fr\/wp-json\/wp\/v2\/media?parent=212"}],"curies":[{"name":"wp","href":"https:\/\/api.w.org\/{rel}","templated":true}]}}